{"id":32,"date":"2020-09-17T10:18:25","date_gmt":"2020-09-17T08:18:25","guid":{"rendered":"http:\/\/giwe.mariazell.at\/demo\/fmg\/fahrzeugbau-maschinenbau\/?page_id=32"},"modified":"2022-07-28T13:30:42","modified_gmt":"2022-07-28T11:30:42","slug":"chronik-und-meilensteine","status":"publish","type":"page","link":"https:\/\/fmg-austria.com\/fahrzeugbau-maschinenbau\/chronik-und-meilensteine\/","title":{"rendered":"Chronik und Meilensteine"},"content":{"rendered":"\n<figure class=\"wp-block-embed is-type-video is-provider-youtube wp-block-embed-youtube wp-embed-aspect-16-9 wp-has-aspect-ratio\"><div class=\"wp-block-embed__wrapper\">\n<iframe loading=\"lazy\" title=\"FMG Fahrzeugbau-Maschinenbau GmbH in Gu\u00dfwerk \u2013 Ihr Profi f\u00fcr Schwei\u00dftechnik, Hydraulik u.v.m.\" width=\"750\" height=\"422\" src=\"https:\/\/www.youtube.com\/embed\/TbUbhCN0eT0?feature=oembed\" frameborder=\"0\" allow=\"accelerometer; autoplay; clipboard-write; encrypted-media; gyroscope; picture-in-picture\" allowfullscreen><\/iframe>\n<\/div><\/figure>\n\n\n\n<p><strong>Mehr als 70 Jahre Tradition und Innovation<\/strong><\/p>\n\n\n\n<p>Unser Unternehmensgr\u00fcnder und Vorg\u00e4nger Karl Maier sen. legte 1950 den Grundstein zu einer erfolgreichen Entwicklung.<\/p>\n\n\n\n<p>Von 1995 bis 2020 f\u00fchrte Gesch\u00e4ftsf\u00fchrer und Haupteigent\u00fcmer Martin Goldgruber das Unternehmen zu einem internationalen Branchenspezialisten.<\/p>\n\n\n\n<ul class=\"wp-block-list\"><li>1950: Firmengr\u00fcndung Schmiede und Schlosserei Maier Gu\u00dfwerk, landwirtschaftliche Fahrzeuge und Ger\u00e4te f\u00fcr den Rundholztransport<\/li><\/ul>\n\n\n<div class=\"wp-block-image\">\n<figure class=\"aligncenter size-large\"><img loading=\"lazy\" decoding=\"async\" width=\"250\" height=\"179\" src=\"https:\/\/fmg-austria.com\/fahrzeugbau-maschinenbau\/wp-content\/uploads\/sites\/3\/2020\/10\/FMG_Werk_1957.jpg\" alt=\"\" class=\"wp-image-189\"\/><figcaption>1950 Firmengr\u00fcndung<\/figcaption><\/figure>\n<\/div>\n\n\n<ul class=\"wp-block-list\"><li>1957: Erster Kranaufbau HIAB 192 auf Unimog U411<br>Betriebsstandort 1964 &#8211; 1982:<br>Fahrzeugaufbauten f\u00fcr Holztransport und Kipperaufbauten,<br>Kranaufbauten auf Unimog in Serie, Lieferabkommen mit Daimler &amp; Benz<\/li><li>Neue Betriebsanlage mit Er\u00f6ffnung 1982<\/li><\/ul>\n\n\n<div class=\"wp-block-image\">\n<figure class=\"aligncenter size-large\"><img loading=\"lazy\" decoding=\"async\" width=\"250\" height=\"179\" src=\"https:\/\/fmg-austria.com\/fahrzeugbau-maschinenbau\/wp-content\/uploads\/sites\/3\/2020\/10\/FMG_Werk_1982.jpg\" alt=\"\" class=\"wp-image-190\"\/><figcaption>1982 Neuer Betriebsstandort<\/figcaption><\/figure>\n<\/div>\n\n\n<ul class=\"wp-block-list\"><li>Erfolgreiche Firmen\u00fcbernahme 1995 durch Mangement buy-out<\/li><\/ul>\n\n\n<div class=\"wp-block-image\">\n<figure class=\"aligncenter size-large\"><img loading=\"lazy\" decoding=\"async\" width=\"250\" height=\"179\" src=\"https:\/\/fmg-austria.com\/fahrzeugbau-maschinenbau\/wp-content\/uploads\/sites\/3\/2020\/10\/FMG_Werk_1995.jpg\" alt=\"\" class=\"wp-image-191\"\/><figcaption>1995 Management buy-out<\/figcaption><\/figure>\n<\/div>\n\n\n<ul class=\"wp-block-list\"><li>Derzeitiger Betriebsstandort mit hauseigener Entwicklungsabteilung. Internationaler Spezialist im Bereich Krantechnik sowie Fahrzeugbau, Anlagenbau und Servicetechnik.<\/li><li>2011: Erste Kranaufbauten im Gro\u00dfkransegment (HIAB XS1055, Palfinger PK 92002) auf LKW-Fahrgestellen<\/li><li>2015: 20-j\u00e4hriges Firmenjubil\u00e4um der Fa. FMG Fahrzeugbau-Maschinenbau GmbH<\/li><li>seit 2015: Planung, Projektierung und Herstellung von Abst\u00fctzsystemen und Gesamtaufbauten f\u00fcr alle namhaften Kranhersteller mit weltweitem Export<\/li><li>2020: \u00dcbernahme der Firma FMG Fahrzeugbau-Maschinenbau von 4 Mitarbeitern &#8211; im selben Jahr wurde auch die Firma FMG Service GmbH gegr\u00fcndet<\/li><\/ul>\n\n\n<div class=\"wp-block-image\">\n<figure class=\"aligncenter size-full\"><img loading=\"lazy\" decoding=\"async\" width=\"250\" height=\"166\" src=\"https:\/\/fmg-austria.com\/fahrzeugbau-maschinenbau\/wp-content\/uploads\/sites\/3\/2020\/10\/Chronik_01_klein.jpg\" alt=\"\" class=\"wp-image-188\"\/><figcaption>Derzeitiger Betriebsstandort<\/figcaption><\/figure>\n<\/div>\n\n\n<hr class=\"wp-block-separator has-text-color has-accent-color has-css-opacity has-accent-background-color has-background is-style-wide\"\/>\n\n\n\n<p><strong>Meilensteine<\/strong><\/p>\n\n\n\n<figure class=\"wp-block-gallery has-nested-images columns-2 is-cropped wp-block-gallery-1 is-layout-flex wp-block-gallery-is-layout-flex\">\n<figure class=\"wp-block-image size-large\"><a href=\"https:\/\/fmg-austria.com\/fahrzeugbau-maschinenbau\/wp-content\/uploads\/sites\/3\/2020\/10\/1-erster_hiab_kranaufbau.jpg\"><img loading=\"lazy\" decoding=\"async\" width=\"350\" height=\"250\" data-id=\"192\" src=\"https:\/\/fmg-austria.com\/fahrzeugbau-maschinenbau\/wp-content\/uploads\/sites\/3\/2020\/10\/1-erster_hiab_kranaufbau.jpg\" alt=\"\" class=\"wp-image-192\" srcset=\"https:\/\/fmg-austria.com\/fahrzeugbau-maschinenbau\/wp-content\/uploads\/sites\/3\/2020\/10\/1-erster_hiab_kranaufbau.jpg 350w, https:\/\/fmg-austria.com\/fahrzeugbau-maschinenbau\/wp-content\/uploads\/sites\/3\/2020\/10\/1-erster_hiab_kranaufbau-300x214.jpg 300w\" sizes=\"auto, (max-width: 350px) 100vw, 350px\" \/><\/a><figcaption><strong>1957<\/strong><br><strong>Erster HIAB-Kranaufbau<br>auf Mercedes-Benz Unimog<br>HIAB 192 auf U411<\/strong><\/figcaption><\/figure>\n\n\n\n<figure class=\"wp-block-image size-large\"><a href=\"https:\/\/fmg-austria.com\/fahrzeugbau-maschinenbau\/wp-content\/uploads\/sites\/3\/2020\/10\/2-3500_hiab_kranaufbau.jpg\"><img loading=\"lazy\" decoding=\"async\" width=\"350\" height=\"250\" data-id=\"193\" src=\"https:\/\/fmg-austria.com\/fahrzeugbau-maschinenbau\/wp-content\/uploads\/sites\/3\/2020\/10\/2-3500_hiab_kranaufbau.jpg\" alt=\"\" class=\"wp-image-193\" srcset=\"https:\/\/fmg-austria.com\/fahrzeugbau-maschinenbau\/wp-content\/uploads\/sites\/3\/2020\/10\/2-3500_hiab_kranaufbau.jpg 350w, https:\/\/fmg-austria.com\/fahrzeugbau-maschinenbau\/wp-content\/uploads\/sites\/3\/2020\/10\/2-3500_hiab_kranaufbau-300x214.jpg 300w\" sizes=\"auto, (max-width: 350px) 100vw, 350px\" \/><\/a><figcaption><br><strong>1982<\/strong><br><strong>3500. Kranaufbau<br>HIAB 1165 auf Unimog U425<br>anl\u00e4sslich der Er\u00f6ffnung der neuen Betriebsst\u00e4tte<\/strong><\/figcaption><\/figure>\n\n\n\n<figure class=\"wp-block-image size-large\"><a href=\"https:\/\/fmg-austria.com\/fahrzeugbau-maschinenbau\/wp-content\/uploads\/sites\/3\/2020\/10\/5-FMG20.jpg\"><img loading=\"lazy\" decoding=\"async\" width=\"640\" height=\"479\" data-id=\"196\" src=\"https:\/\/fmg-austria.com\/fahrzeugbau-maschinenbau\/wp-content\/uploads\/sites\/3\/2020\/10\/5-FMG20.jpg\" alt=\"\" class=\"wp-image-196\" srcset=\"https:\/\/fmg-austria.com\/fahrzeugbau-maschinenbau\/wp-content\/uploads\/sites\/3\/2020\/10\/5-FMG20.jpg 640w, https:\/\/fmg-austria.com\/fahrzeugbau-maschinenbau\/wp-content\/uploads\/sites\/3\/2020\/10\/5-FMG20-300x225.jpg 300w\" sizes=\"auto, (max-width: 640px) 100vw, 640px\" \/><\/a><figcaption><strong>2015 &#8211; FMG wird 20 Jahre alt<\/strong><\/figcaption><\/figure>\n\n\n\n<figure class=\"wp-block-image size-large\"><a href=\"https:\/\/fmg-austria.com\/fahrzeugbau-maschinenbau\/wp-content\/uploads\/sites\/3\/2020\/10\/fmg-service-logo.png\"><img loading=\"lazy\" decoding=\"async\" width=\"512\" height=\"192\" data-id=\"161\" src=\"https:\/\/fmg-austria.com\/fahrzeugbau-maschinenbau\/wp-content\/uploads\/sites\/3\/2020\/10\/fmg-service-logo.png\" alt=\"\" class=\"wp-image-161\" srcset=\"https:\/\/fmg-austria.com\/fahrzeugbau-maschinenbau\/wp-content\/uploads\/sites\/3\/2020\/10\/fmg-service-logo.png 512w, https:\/\/fmg-austria.com\/fahrzeugbau-maschinenbau\/wp-content\/uploads\/sites\/3\/2020\/10\/fmg-service-logo-300x113.png 300w\" sizes=\"auto, (max-width: 512px) 100vw, 512px\" \/><\/a><figcaption><strong>2020 &#8211; 25 Jahres Jubil\u00e4um<\/strong><br><strong>Firmengr\u00fcndung FMG-Service GmbH<\/strong><br><strong>Firmen\u00fcbergabe an 4 Mitarbeiter<\/strong><\/figcaption><\/figure>\n<\/figure>\n\n\n\n<figure class=\"wp-block-image size-large\"><img loading=\"lazy\" decoding=\"async\" width=\"768\" height=\"1024\" src=\"https:\/\/fmg-austria.com\/fahrzeugbau-maschinenbau\/wp-content\/uploads\/sites\/3\/2021\/01\/IMG-20201222-WA0000-768x1024.jpg\" alt=\"\" class=\"wp-image-917\" srcset=\"https:\/\/fmg-austria.com\/fahrzeugbau-maschinenbau\/wp-content\/uploads\/sites\/3\/2021\/01\/IMG-20201222-WA0000-768x1024.jpg 768w, https:\/\/fmg-austria.com\/fahrzeugbau-maschinenbau\/wp-content\/uploads\/sites\/3\/2021\/01\/IMG-20201222-WA0000-225x300.jpg 225w, https:\/\/fmg-austria.com\/fahrzeugbau-maschinenbau\/wp-content\/uploads\/sites\/3\/2021\/01\/IMG-20201222-WA0000-1152x1536.jpg 1152w, https:\/\/fmg-austria.com\/fahrzeugbau-maschinenbau\/wp-content\/uploads\/sites\/3\/2021\/01\/IMG-20201222-WA0000.jpg 1200w\" sizes=\"auto, (max-width: 768px) 100vw, 768px\" \/><figcaption>Auszeichnung der Wirtschaftskammer Steiermark zum <strong>70-j\u00e4hrigen<\/strong> Firmenjubil\u00e4um.<\/figcaption><\/figure>\n","protected":false},"excerpt":{"rendered":"<p>Mehr als 70 Jahre Tradition und Innovation Unser Unternehmensgr\u00fcnder und Vorg\u00e4nger Karl Maier sen. legte 1950 den Grundstein zu einer erfolgreichen Entwicklung. Von 1995 bis 2020 f\u00fchrte Gesch\u00e4ftsf\u00fchrer und Haupteigent\u00fcmer Martin Goldgruber das Unternehmen zu einem internationalen Branchenspezialisten. 1950: Firmengr\u00fcndung Schmiede und Schlosserei Maier Gu\u00dfwerk, landwirtschaftliche Fahrzeuge und Ger\u00e4te f\u00fcr [&hellip;]<\/p>\n","protected":false},"author":1,"featured_media":167,"parent":0,"menu_order":0,"comment_status":"closed","ping_status":"closed","template":"","meta":{"footnotes":""},"class_list":["post-32","page","type-page","status-publish","has-post-thumbnail","hentry"],"_links":{"self":[{"href":"https:\/\/fmg-austria.com\/fahrzeugbau-maschinenbau\/wp-json\/wp\/v2\/pages\/32","targetHints":{"allow":["GET"]}}],"collection":[{"href":"https:\/\/fmg-austria.com\/fahrzeugbau-maschinenbau\/wp-json\/wp\/v2\/pages"}],"about":[{"href":"https:\/\/fmg-austria.com\/fahrzeugbau-maschinenbau\/wp-json\/wp\/v2\/types\/page"}],"author":[{"embeddable":true,"href":"https:\/\/fmg-austria.com\/fahrzeugbau-maschinenbau\/wp-json\/wp\/v2\/users\/1"}],"replies":[{"embeddable":true,"href":"https:\/\/fmg-austria.com\/fahrzeugbau-maschinenbau\/wp-json\/wp\/v2\/comments?post=32"}],"version-history":[{"count":6,"href":"https:\/\/fmg-austria.com\/fahrzeugbau-maschinenbau\/wp-json\/wp\/v2\/pages\/32\/revisions"}],"predecessor-version":[{"id":1310,"href":"https:\/\/fmg-austria.com\/fahrzeugbau-maschinenbau\/wp-json\/wp\/v2\/pages\/32\/revisions\/1310"}],"wp:featuredmedia":[{"embeddable":true,"href":"https:\/\/fmg-austria.com\/fahrzeugbau-maschinenbau\/wp-json\/wp\/v2\/media\/167"}],"wp:attachment":[{"href":"https:\/\/fmg-austria.com\/fahrzeugbau-maschinenbau\/wp-json\/wp\/v2\/media?parent=32"}],"curies":[{"name":"wp","href":"https:\/\/api.w.org\/{rel}","templated":true}]}}